{"id":1220,"date":"2023-08-29T03:43:23","date_gmt":"2023-08-29T03:43:23","guid":{"rendered":"https:\/\/coldskate.com.br\/home\/?post_type=product&#038;p=1220"},"modified":"2023-08-29T03:43:25","modified_gmt":"2023-08-29T03:43:25","slug":"cold-covid-annual-book-2020","status":"publish","type":"product","link":"https:\/\/coldskate.com.br\/home\/produto\/cold-covid-annual-book-2020\/","title":{"rendered":"Cold Covid Annual Book 2020"},"content":{"rendered":"<p>O Cold COVID \u00e9 um projeto especial, com a miss\u00e3o de inspirar a todes, e mostrar que \u00e9 poss\u00edvel fazer um livro totalmente a m\u00e3o.<\/p>\n<p>O livro tem tiragem de 250 exemplares, todos pe\u00e7as \u00fanicas.<\/p>\n<p>Produzido em 2020, entre mar\u00e7o e novembro, quando a pandemia estava no auge andamos nos picos mais movimentados das cidades<\/p>\n<p>que na ocasi\u00e3o estavam vazios.<\/p>\n<p>&nbsp;<\/p>\n<p>tamanho 30 x 42 cm.<\/p>\n<p>Impress\u00e3o em pap\u00e9l couch\u00ea 150 gramas.<\/p>\n<p>Encaderna\u00e7\u00e3o manual.<\/p>\n<p>4 capas diferentes feitas em collab com Harry &#8220;OG&#8221; jumonji.<\/p>\n<p>&nbsp;<\/p>\n","protected":false},"excerpt":{"rendered":"<p>O Cold COVID \u00e9 um projeto especial, com a miss\u00e3o de inspirar a todes, e mostrar que \u00e9 poss\u00edvel fazer um livro totalmente a m\u00e3o. O livro tem tiragem de 250 exemplares, todos pe\u00e7as \u00fanicas. Produzido em 2020, entre mar\u00e7o e novembro, quando a pandemia estava no auge andamos nos picos mais movimentados das cidades [&hellip;]<\/p>\n","protected":false},"featured_media":1221,"template":"","meta":{"_acf_changed":false,"_joinchat":[]},"product_brand":[],"product_cat":[56],"product_tag":[],"class_list":{"0":"post-1220","1":"product","2":"type-product","3":"status-publish","4":"has-post-thumbnail","6":"product_cat-books","8":"first","9":"instock","10":"shipping-taxable","11":"purchasable","12":"product-type-simple"},"acf":[],"yoast_head":"<!-- This site is optimized with the Yoast SEO plugin v21.0 - https:\/\/yoast.com\/wordpress\/plugins\/seo\/ -->\n<title>Cold Covid Annual Book 2020 - Cold Skateboard<\/title>\n<meta name=\"robots\" content=\"index, follow, max-snippet:-1, max-image-preview:large, max-video-preview:-1\" \/>\n<link rel=\"canonical\" href=\"https:\/\/coldskate.com.br\/home\/produto\/cold-covid-annual-book-2020\/\" \/>\n<meta property=\"og:locale\" content=\"pt_BR\" \/>\n<meta property=\"og:type\" content=\"article\" \/>\n<meta property=\"og:title\" content=\"Cold Covid Annual Book 2020 - Cold Skateboard\" \/>\n<meta property=\"og:description\" content=\"O Cold COVID \u00e9 um projeto especial, com a miss\u00e3o de inspirar a todes, e mostrar que \u00e9 poss\u00edvel fazer um livro totalmente a m\u00e3o. O livro tem tiragem de 250 exemplares, todos pe\u00e7as \u00fanicas. Produzido em 2020, entre mar\u00e7o e novembro, quando a pandemia estava no auge andamos nos picos mais movimentados das cidades [&hellip;]\" \/>\n<meta property=\"og:url\" content=\"https:\/\/coldskate.com.br\/home\/produto\/cold-covid-annual-book-2020\/\" \/>\n<meta property=\"og:site_name\" content=\"Cold Skateboard\" \/>\n<meta property=\"article:publisher\" content=\"https:\/\/www.facebook.com\/coldskateboard\" \/>\n<meta property=\"article:modified_time\" content=\"2023-08-29T03:43:25+00:00\" \/>\n<meta property=\"og:image\" content=\"https:\/\/coldskate.com.br\/home\/wp-content\/uploads\/2023\/08\/cold-covid-capa.jpg\" \/>\n\t<meta property=\"og:image:width\" content=\"1992\" \/>\n\t<meta property=\"og:image:height\" content=\"1327\" \/>\n\t<meta property=\"og:image:type\" content=\"image\/jpeg\" \/>\n<meta name=\"twitter:card\" content=\"summary_large_image\" \/>\n<meta name=\"twitter:label1\" content=\"Est. tempo de leitura\" \/>\n\t<meta name=\"twitter:data1\" content=\"1 minuto\" \/>\n<script type=\"application\/ld+json\" class=\"yoast-schema-graph\">{\"@context\":\"https:\/\/schema.org\",\"@graph\":[{\"@type\":\"WebPage\",\"@id\":\"https:\/\/coldskate.com.br\/home\/produto\/cold-covid-annual-book-2020\/\",\"url\":\"https:\/\/coldskate.com.br\/home\/produto\/cold-covid-annual-book-2020\/\",\"name\":\"Cold Covid Annual Book 2020 - Cold Skateboard\",\"isPartOf\":{\"@id\":\"https:\/\/coldskate.com.br\/home\/#website\"},\"datePublished\":\"2023-08-29T03:43:23+00:00\",\"dateModified\":\"2023-08-29T03:43:25+00:00\",\"breadcrumb\":{\"@id\":\"https:\/\/coldskate.com.br\/home\/produto\/cold-covid-annual-book-2020\/#breadcrumb\"},\"inLanguage\":\"pt-BR\",\"potentialAction\":[{\"@type\":\"ReadAction\",\"target\":[\"https:\/\/coldskate.com.br\/home\/produto\/cold-covid-annual-book-2020\/\"]}]},{\"@type\":\"BreadcrumbList\",\"@id\":\"https:\/\/coldskate.com.br\/home\/produto\/cold-covid-annual-book-2020\/#breadcrumb\",\"itemListElement\":[{\"@type\":\"ListItem\",\"position\":1,\"name\":\"In\u00edcio\",\"item\":\"https:\/\/coldskate.com.br\/home\/\"},{\"@type\":\"ListItem\",\"position\":2,\"name\":\"Loja\",\"item\":\"https:\/\/coldskate.com.br\/home\/loja\/\"},{\"@type\":\"ListItem\",\"position\":3,\"name\":\"Cold Covid Annual Book 2020\"}]},{\"@type\":\"WebSite\",\"@id\":\"https:\/\/coldskate.com.br\/home\/#website\",\"url\":\"https:\/\/coldskate.com.br\/home\/\",\"name\":\"Cold Skateboard\",\"description\":\"\",\"publisher\":{\"@id\":\"https:\/\/coldskate.com.br\/home\/#organization\"},\"potentialAction\":[{\"@type\":\"SearchAction\",\"target\":{\"@type\":\"EntryPoint\",\"urlTemplate\":\"https:\/\/coldskate.com.br\/home\/?s={search_term_string}\"},\"query-input\":\"required name=search_term_string\"}],\"inLanguage\":\"pt-BR\"},{\"@type\":\"Organization\",\"@id\":\"https:\/\/coldskate.com.br\/home\/#organization\",\"name\":\"Cold Skateboard\",\"url\":\"https:\/\/coldskate.com.br\/home\/\",\"logo\":{\"@type\":\"ImageObject\",\"inLanguage\":\"pt-BR\",\"@id\":\"https:\/\/coldskate.com.br\/home\/#\/schema\/logo\/image\/\",\"url\":\"https:\/\/coldskate.com.br\/home\/wp-content\/uploads\/2022\/05\/cold_mag_FINAL_ALTA.png\",\"contentUrl\":\"https:\/\/coldskate.com.br\/home\/wp-content\/uploads\/2022\/05\/cold_mag_FINAL_ALTA.png\",\"width\":2668,\"height\":1129,\"caption\":\"Cold Skateboard\"},\"image\":{\"@id\":\"https:\/\/coldskate.com.br\/home\/#\/schema\/logo\/image\/\"},\"sameAs\":[\"https:\/\/www.facebook.com\/coldskateboard\",\"https:\/\/instagram.com\/instacold\",\"https:\/\/vm.tiktok.com\/ZMLTeqrnV\/?k=1\",\"https:\/\/youtube.com\/channel\/UCQTCHC2Wp7CseSuLugRsGog\"]}]}<\/script>\n<!-- \/ Yoast SEO plugin. -->","yoast_head_json":{"title":"Cold Covid Annual Book 2020 - Cold Skateboard","robots":{"index":"index","follow":"follow","max-snippet":"max-snippet:-1","max-image-preview":"max-image-preview:large","max-video-preview":"max-video-preview:-1"},"canonical":"https:\/\/coldskate.com.br\/home\/produto\/cold-covid-annual-book-2020\/","og_locale":"pt_BR","og_type":"article","og_title":"Cold Covid Annual Book 2020 - Cold Skateboard","og_description":"O Cold COVID \u00e9 um projeto especial, com a miss\u00e3o de inspirar a todes, e mostrar que \u00e9 poss\u00edvel fazer um livro totalmente a m\u00e3o. O livro tem tiragem de 250 exemplares, todos pe\u00e7as \u00fanicas. Produzido em 2020, entre mar\u00e7o e novembro, quando a pandemia estava no auge andamos nos picos mais movimentados das cidades [&hellip;]","og_url":"https:\/\/coldskate.com.br\/home\/produto\/cold-covid-annual-book-2020\/","og_site_name":"Cold Skateboard","article_publisher":"https:\/\/www.facebook.com\/coldskateboard","article_modified_time":"2023-08-29T03:43:25+00:00","og_image":[{"width":1992,"height":1327,"url":"https:\/\/coldskate.com.br\/home\/wp-content\/uploads\/2023\/08\/cold-covid-capa.jpg","type":"image\/jpeg"}],"twitter_card":"summary_large_image","twitter_misc":{"Est. tempo de leitura":"1 minuto"},"schema":{"@context":"https:\/\/schema.org","@graph":[{"@type":"WebPage","@id":"https:\/\/coldskate.com.br\/home\/produto\/cold-covid-annual-book-2020\/","url":"https:\/\/coldskate.com.br\/home\/produto\/cold-covid-annual-book-2020\/","name":"Cold Covid Annual Book 2020 - Cold Skateboard","isPartOf":{"@id":"https:\/\/coldskate.com.br\/home\/#website"},"datePublished":"2023-08-29T03:43:23+00:00","dateModified":"2023-08-29T03:43:25+00:00","breadcrumb":{"@id":"https:\/\/coldskate.com.br\/home\/produto\/cold-covid-annual-book-2020\/#breadcrumb"},"inLanguage":"pt-BR","potentialAction":[{"@type":"ReadAction","target":["https:\/\/coldskate.com.br\/home\/produto\/cold-covid-annual-book-2020\/"]}]},{"@type":"BreadcrumbList","@id":"https:\/\/coldskate.com.br\/home\/produto\/cold-covid-annual-book-2020\/#breadcrumb","itemListElement":[{"@type":"ListItem","position":1,"name":"In\u00edcio","item":"https:\/\/coldskate.com.br\/home\/"},{"@type":"ListItem","position":2,"name":"Loja","item":"https:\/\/coldskate.com.br\/home\/loja\/"},{"@type":"ListItem","position":3,"name":"Cold Covid Annual Book 2020"}]},{"@type":"WebSite","@id":"https:\/\/coldskate.com.br\/home\/#website","url":"https:\/\/coldskate.com.br\/home\/","name":"Cold Skateboard","description":"","publisher":{"@id":"https:\/\/coldskate.com.br\/home\/#organization"},"potentialAction":[{"@type":"SearchAction","target":{"@type":"EntryPoint","urlTemplate":"https:\/\/coldskate.com.br\/home\/?s={search_term_string}"},"query-input":"required name=search_term_string"}],"inLanguage":"pt-BR"},{"@type":"Organization","@id":"https:\/\/coldskate.com.br\/home\/#organization","name":"Cold Skateboard","url":"https:\/\/coldskate.com.br\/home\/","logo":{"@type":"ImageObject","inLanguage":"pt-BR","@id":"https:\/\/coldskate.com.br\/home\/#\/schema\/logo\/image\/","url":"https:\/\/coldskate.com.br\/home\/wp-content\/uploads\/2022\/05\/cold_mag_FINAL_ALTA.png","contentUrl":"https:\/\/coldskate.com.br\/home\/wp-content\/uploads\/2022\/05\/cold_mag_FINAL_ALTA.png","width":2668,"height":1129,"caption":"Cold Skateboard"},"image":{"@id":"https:\/\/coldskate.com.br\/home\/#\/schema\/logo\/image\/"},"sameAs":["https:\/\/www.facebook.com\/coldskateboard","https:\/\/instagram.com\/instacold","https:\/\/vm.tiktok.com\/ZMLTeqrnV\/?k=1","https:\/\/youtube.com\/channel\/UCQTCHC2Wp7CseSuLugRsGog"]}]}},"_links":{"self":[{"href":"https:\/\/coldskate.com.br\/home\/wp-json\/wp\/v2\/product\/1220","targetHints":{"allow":["GET"]}}],"collection":[{"href":"https:\/\/coldskate.com.br\/home\/wp-json\/wp\/v2\/product"}],"about":[{"href":"https:\/\/coldskate.com.br\/home\/wp-json\/wp\/v2\/types\/product"}],"wp:featuredmedia":[{"embeddable":true,"href":"https:\/\/coldskate.com.br\/home\/wp-json\/wp\/v2\/media\/1221"}],"wp:attachment":[{"href":"https:\/\/coldskate.com.br\/home\/wp-json\/wp\/v2\/media?parent=1220"}],"wp:term":[{"taxonomy":"product_brand","embeddable":true,"href":"https:\/\/coldskate.com.br\/home\/wp-json\/wp\/v2\/product_brand?post=1220"},{"taxonomy":"product_cat","embeddable":true,"href":"https:\/\/coldskate.com.br\/home\/wp-json\/wp\/v2\/product_cat?post=1220"},{"taxonomy":"product_tag","embeddable":true,"href":"https:\/\/coldskate.com.br\/home\/wp-json\/wp\/v2\/product_tag?post=1220"}],"curies":[{"name":"wp","href":"https:\/\/api.w.org\/{rel}","templated":true}]}}