{"id":2882,"date":"2026-01-22T18:11:17","date_gmt":"2026-01-22T18:11:17","guid":{"rendered":"https:\/\/coldskate.com.br\/home\/?post_type=product&#038;p=2882"},"modified":"2026-04-10T12:08:36","modified_gmt":"2026-04-10T12:08:36","slug":"cold-annual-book-2026-on-the-road","status":"publish","type":"product","link":"https:\/\/coldskate.com.br\/home\/produto\/cold-annual-book-2026-on-the-road\/","title":{"rendered":"COLD Annual Book 2026 &#8211; On The Road"},"content":{"rendered":"<h3><span style=\"color: #ff0000;\">PR\u00c9 VENDA &#8211; Valor promocional!<\/span><\/h3>\n<h3>Edi\u00e7\u00e3o especial<\/h3>\n<ul>\n<li>Tamanh0 21,5 x 29,5 cm<\/li>\n<li>Impress\u00e3o em pap\u00e9l couche 170 gramas com verniz fosco<\/li>\n<li>340 p\u00e1ginas.<\/li>\n<li>Capa Dura<\/li>\n<li>+ 2 sobrecapas de b\u00f4nus<\/li>\n<\/ul>\n<hr \/>\n<p style=\"text-align: justify;\">Viajar \u00e9 aceitar o frio da estrada. N\u00e3o apenas o frio que corta o rosto nas manh\u00e3s desconhecidas, mas aquele que atravessa o peito quando tudo \u00e9 novo, incerto e vivo. Este livro nasce desse sentimento \u2014 da vontade de seguir em frente, mesmo sem saber exatamente onde se vai chegar, levando apenas um skate, um olhar atento e o cora\u00e7\u00e3o aberto.<\/p>\n<p style=\"text-align: justify;\"><strong>O skate sempre foi mais do que manobras.<\/strong><\/p>\n<p><strong>Fot\u00f3grafos convidados:<\/strong><\/p>\n<p>Heverton Ribeiro<br \/>\nMichael burnout<br \/>\nGrant Brittain<br \/>\nJaime Owens<br \/>\nAnthony Acosta<br \/>\nAnderson Tuca<br \/>\nLuan Tanaka<br \/>\nPipa Souza<br \/>\nGabriel Peralta<br \/>\nTauana Sofia<br \/>\nAna Paula Negr\u00e3o<\/p>\n<p><strong>Skaters convidados:<\/strong><\/p>\n<p>Tony Hawk, natas Caupas, Vitoria Bortolo, JohnCardiel, Lizzie Armando, Leo Romero, Grant Taylor, Christian Hosoi, Brice Wettstain, Steve Rocco, Karen Jonz, Jaime Thomas, Adelmo Jr, Milton Martinez, Luiz Francisco, Steve caballero, mark gonzales, Steve Olson, entre outros<\/p>\n","protected":false},"excerpt":{"rendered":"<p>PR\u00c9 VENDA &#8211; Valor promocional! Edi\u00e7\u00e3o especial Tamanh0 21,5 x 29,5 cm Impress\u00e3o em pap\u00e9l couche 170 gramas com verniz fosco 340 p\u00e1ginas. Capa Dura + 2 sobrecapas de b\u00f4nus Viajar \u00e9 aceitar o frio da estrada. N\u00e3o apenas o frio que corta o rosto nas manh\u00e3s desconhecidas, mas aquele que atravessa o peito quando [&hellip;]<\/p>\n","protected":false},"featured_media":2883,"template":"","meta":{"_acf_changed":false,"_joinchat":[]},"product_brand":[],"product_cat":[56],"product_tag":[],"class_list":{"0":"post-2882","1":"product","2":"type-product","3":"status-publish","4":"has-post-thumbnail","6":"product_cat-books","8":"first","9":"instock","10":"sale","11":"shipping-taxable","12":"purchasable","13":"product-type-simple"},"acf":[],"yoast_head":"<!-- This site is optimized with the Yoast SEO plugin v21.0 - https:\/\/yoast.com\/wordpress\/plugins\/seo\/ -->\n<title>COLD Annual Book 2026 - On The Road - Cold Skateboard<\/title>\n<meta name=\"description\" content=\"Viajar \u00e9 aceitar o frio da estrada. N\u00e3o apenas o frio que corta o rosto nas manh\u00e3s desconhecidas, mas aquele que atravessa o peito quando tudo \u00e9 novo, incerto e vivo.\" \/>\n<meta name=\"robots\" content=\"index, follow, max-snippet:-1, max-image-preview:large, max-video-preview:-1\" \/>\n<link rel=\"canonical\" href=\"https:\/\/coldskate.com.br\/home\/produto\/cold-annual-book-2026-on-the-road\/\" \/>\n<meta property=\"og:locale\" content=\"pt_BR\" \/>\n<meta property=\"og:type\" content=\"article\" \/>\n<meta property=\"og:title\" content=\"COLD Annual Book 2026 - On The Road - Cold Skateboard\" \/>\n<meta property=\"og:description\" content=\"Viajar \u00e9 aceitar o frio da estrada. N\u00e3o apenas o frio que corta o rosto nas manh\u00e3s desconhecidas, mas aquele que atravessa o peito quando tudo \u00e9 novo, incerto e vivo.\" \/>\n<meta property=\"og:url\" content=\"https:\/\/coldskate.com.br\/home\/produto\/cold-annual-book-2026-on-the-road\/\" \/>\n<meta property=\"og:site_name\" content=\"Cold Skateboard\" \/>\n<meta property=\"article:publisher\" content=\"https:\/\/www.facebook.com\/coldskateboard\" \/>\n<meta property=\"article:modified_time\" content=\"2026-04-10T12:08:36+00:00\" \/>\n<meta property=\"og:image\" content=\"https:\/\/coldskate.com.br\/home\/wp-content\/uploads\/2026\/01\/capa_site.jpeg\" \/>\n\t<meta property=\"og:image:width\" content=\"2284\" \/>\n\t<meta property=\"og:image:height\" content=\"1434\" \/>\n\t<meta property=\"og:image:type\" content=\"image\/jpeg\" \/>\n<meta name=\"twitter:card\" content=\"summary_large_image\" \/>\n<meta name=\"twitter:image\" content=\"https:\/\/coldskate.com.br\/home\/wp-content\/uploads\/2026\/01\/capa_site.jpeg\" \/>\n<meta name=\"twitter:label1\" content=\"Est. tempo de leitura\" \/>\n\t<meta name=\"twitter:data1\" content=\"1 minuto\" \/>\n<script type=\"application\/ld+json\" class=\"yoast-schema-graph\">{\"@context\":\"https:\/\/schema.org\",\"@graph\":[{\"@type\":\"WebPage\",\"@id\":\"https:\/\/coldskate.com.br\/home\/produto\/cold-annual-book-2026-on-the-road\/\",\"url\":\"https:\/\/coldskate.com.br\/home\/produto\/cold-annual-book-2026-on-the-road\/\",\"name\":\"COLD Annual Book 2026 - On The Road - Cold Skateboard\",\"isPartOf\":{\"@id\":\"https:\/\/coldskate.com.br\/home\/#website\"},\"datePublished\":\"2026-01-22T18:11:17+00:00\",\"dateModified\":\"2026-04-10T12:08:36+00:00\",\"description\":\"Viajar \u00e9 aceitar o frio da estrada. N\u00e3o apenas o frio que corta o rosto nas manh\u00e3s desconhecidas, mas aquele que atravessa o peito quando tudo \u00e9 novo, incerto e vivo.\",\"breadcrumb\":{\"@id\":\"https:\/\/coldskate.com.br\/home\/produto\/cold-annual-book-2026-on-the-road\/#breadcrumb\"},\"inLanguage\":\"pt-BR\",\"potentialAction\":[{\"@type\":\"ReadAction\",\"target\":[\"https:\/\/coldskate.com.br\/home\/produto\/cold-annual-book-2026-on-the-road\/\"]}]},{\"@type\":\"BreadcrumbList\",\"@id\":\"https:\/\/coldskate.com.br\/home\/produto\/cold-annual-book-2026-on-the-road\/#breadcrumb\",\"itemListElement\":[{\"@type\":\"ListItem\",\"position\":1,\"name\":\"In\u00edcio\",\"item\":\"https:\/\/coldskate.com.br\/home\/\"},{\"@type\":\"ListItem\",\"position\":2,\"name\":\"Loja\",\"item\":\"https:\/\/coldskate.com.br\/home\/loja\/\"},{\"@type\":\"ListItem\",\"position\":3,\"name\":\"COLD Annual Book 2026 &#8211; On The Road\"}]},{\"@type\":\"WebSite\",\"@id\":\"https:\/\/coldskate.com.br\/home\/#website\",\"url\":\"https:\/\/coldskate.com.br\/home\/\",\"name\":\"Cold Skateboard\",\"description\":\"\",\"publisher\":{\"@id\":\"https:\/\/coldskate.com.br\/home\/#organization\"},\"potentialAction\":[{\"@type\":\"SearchAction\",\"target\":{\"@type\":\"EntryPoint\",\"urlTemplate\":\"https:\/\/coldskate.com.br\/home\/?s={search_term_string}\"},\"query-input\":\"required name=search_term_string\"}],\"inLanguage\":\"pt-BR\"},{\"@type\":\"Organization\",\"@id\":\"https:\/\/coldskate.com.br\/home\/#organization\",\"name\":\"Cold Skateboard\",\"url\":\"https:\/\/coldskate.com.br\/home\/\",\"logo\":{\"@type\":\"ImageObject\",\"inLanguage\":\"pt-BR\",\"@id\":\"https:\/\/coldskate.com.br\/home\/#\/schema\/logo\/image\/\",\"url\":\"https:\/\/coldskate.com.br\/home\/wp-content\/uploads\/2022\/05\/cold_mag_FINAL_ALTA.png\",\"contentUrl\":\"https:\/\/coldskate.com.br\/home\/wp-content\/uploads\/2022\/05\/cold_mag_FINAL_ALTA.png\",\"width\":2668,\"height\":1129,\"caption\":\"Cold Skateboard\"},\"image\":{\"@id\":\"https:\/\/coldskate.com.br\/home\/#\/schema\/logo\/image\/\"},\"sameAs\":[\"https:\/\/www.facebook.com\/coldskateboard\",\"https:\/\/instagram.com\/instacold\",\"https:\/\/vm.tiktok.com\/ZMLTeqrnV\/?k=1\",\"https:\/\/youtube.com\/channel\/UCQTCHC2Wp7CseSuLugRsGog\"]}]}<\/script>\n<!-- \/ Yoast SEO plugin. -->","yoast_head_json":{"title":"COLD Annual Book 2026 - On The Road - Cold Skateboard","description":"Viajar \u00e9 aceitar o frio da estrada. N\u00e3o apenas o frio que corta o rosto nas manh\u00e3s desconhecidas, mas aquele que atravessa o peito quando tudo \u00e9 novo, incerto e vivo.","robots":{"index":"index","follow":"follow","max-snippet":"max-snippet:-1","max-image-preview":"max-image-preview:large","max-video-preview":"max-video-preview:-1"},"canonical":"https:\/\/coldskate.com.br\/home\/produto\/cold-annual-book-2026-on-the-road\/","og_locale":"pt_BR","og_type":"article","og_title":"COLD Annual Book 2026 - On The Road - Cold Skateboard","og_description":"Viajar \u00e9 aceitar o frio da estrada. N\u00e3o apenas o frio que corta o rosto nas manh\u00e3s desconhecidas, mas aquele que atravessa o peito quando tudo \u00e9 novo, incerto e vivo.","og_url":"https:\/\/coldskate.com.br\/home\/produto\/cold-annual-book-2026-on-the-road\/","og_site_name":"Cold Skateboard","article_publisher":"https:\/\/www.facebook.com\/coldskateboard","article_modified_time":"2026-04-10T12:08:36+00:00","og_image":[{"width":2284,"height":1434,"url":"https:\/\/coldskate.com.br\/home\/wp-content\/uploads\/2026\/01\/capa_site.jpeg","type":"image\/jpeg"}],"twitter_card":"summary_large_image","twitter_image":"https:\/\/coldskate.com.br\/home\/wp-content\/uploads\/2026\/01\/capa_site.jpeg","twitter_misc":{"Est. tempo de leitura":"1 minuto"},"schema":{"@context":"https:\/\/schema.org","@graph":[{"@type":"WebPage","@id":"https:\/\/coldskate.com.br\/home\/produto\/cold-annual-book-2026-on-the-road\/","url":"https:\/\/coldskate.com.br\/home\/produto\/cold-annual-book-2026-on-the-road\/","name":"COLD Annual Book 2026 - On The Road - Cold Skateboard","isPartOf":{"@id":"https:\/\/coldskate.com.br\/home\/#website"},"datePublished":"2026-01-22T18:11:17+00:00","dateModified":"2026-04-10T12:08:36+00:00","description":"Viajar \u00e9 aceitar o frio da estrada. N\u00e3o apenas o frio que corta o rosto nas manh\u00e3s desconhecidas, mas aquele que atravessa o peito quando tudo \u00e9 novo, incerto e vivo.","breadcrumb":{"@id":"https:\/\/coldskate.com.br\/home\/produto\/cold-annual-book-2026-on-the-road\/#breadcrumb"},"inLanguage":"pt-BR","potentialAction":[{"@type":"ReadAction","target":["https:\/\/coldskate.com.br\/home\/produto\/cold-annual-book-2026-on-the-road\/"]}]},{"@type":"BreadcrumbList","@id":"https:\/\/coldskate.com.br\/home\/produto\/cold-annual-book-2026-on-the-road\/#breadcrumb","itemListElement":[{"@type":"ListItem","position":1,"name":"In\u00edcio","item":"https:\/\/coldskate.com.br\/home\/"},{"@type":"ListItem","position":2,"name":"Loja","item":"https:\/\/coldskate.com.br\/home\/loja\/"},{"@type":"ListItem","position":3,"name":"COLD Annual Book 2026 &#8211; On The Road"}]},{"@type":"WebSite","@id":"https:\/\/coldskate.com.br\/home\/#website","url":"https:\/\/coldskate.com.br\/home\/","name":"Cold Skateboard","description":"","publisher":{"@id":"https:\/\/coldskate.com.br\/home\/#organization"},"potentialAction":[{"@type":"SearchAction","target":{"@type":"EntryPoint","urlTemplate":"https:\/\/coldskate.com.br\/home\/?s={search_term_string}"},"query-input":"required name=search_term_string"}],"inLanguage":"pt-BR"},{"@type":"Organization","@id":"https:\/\/coldskate.com.br\/home\/#organization","name":"Cold Skateboard","url":"https:\/\/coldskate.com.br\/home\/","logo":{"@type":"ImageObject","inLanguage":"pt-BR","@id":"https:\/\/coldskate.com.br\/home\/#\/schema\/logo\/image\/","url":"https:\/\/coldskate.com.br\/home\/wp-content\/uploads\/2022\/05\/cold_mag_FINAL_ALTA.png","contentUrl":"https:\/\/coldskate.com.br\/home\/wp-content\/uploads\/2022\/05\/cold_mag_FINAL_ALTA.png","width":2668,"height":1129,"caption":"Cold Skateboard"},"image":{"@id":"https:\/\/coldskate.com.br\/home\/#\/schema\/logo\/image\/"},"sameAs":["https:\/\/www.facebook.com\/coldskateboard","https:\/\/instagram.com\/instacold","https:\/\/vm.tiktok.com\/ZMLTeqrnV\/?k=1","https:\/\/youtube.com\/channel\/UCQTCHC2Wp7CseSuLugRsGog"]}]}},"_links":{"self":[{"href":"https:\/\/coldskate.com.br\/home\/wp-json\/wp\/v2\/product\/2882","targetHints":{"allow":["GET"]}}],"collection":[{"href":"https:\/\/coldskate.com.br\/home\/wp-json\/wp\/v2\/product"}],"about":[{"href":"https:\/\/coldskate.com.br\/home\/wp-json\/wp\/v2\/types\/product"}],"wp:featuredmedia":[{"embeddable":true,"href":"https:\/\/coldskate.com.br\/home\/wp-json\/wp\/v2\/media\/2883"}],"wp:attachment":[{"href":"https:\/\/coldskate.com.br\/home\/wp-json\/wp\/v2\/media?parent=2882"}],"wp:term":[{"taxonomy":"product_brand","embeddable":true,"href":"https:\/\/coldskate.com.br\/home\/wp-json\/wp\/v2\/product_brand?post=2882"},{"taxonomy":"product_cat","embeddable":true,"href":"https:\/\/coldskate.com.br\/home\/wp-json\/wp\/v2\/product_cat?post=2882"},{"taxonomy":"product_tag","embeddable":true,"href":"https:\/\/coldskate.com.br\/home\/wp-json\/wp\/v2\/product_tag?post=2882"}],"curies":[{"name":"wp","href":"https:\/\/api.w.org\/{rel}","templated":true}]}}